{"id":37,"date":"2019-04-05T17:35:33","date_gmt":"2019-04-05T17:35:33","guid":{"rendered":"http:\/\/wordpress.agc-fc.com\/?page_id=37"},"modified":"2019-04-18T09:52:54","modified_gmt":"2019-04-18T09:52:54","slug":"a-g-c-formation-conseil-un-savoir-faire-innovant-depuis-20-ans","status":"publish","type":"page","link":"http:\/\/wordpress.agc-fc.com\/?page_id=37","title":{"rendered":"A.G.C. Formation Conseil, UN SAVOIR FAIRE INNOVANT DEPUIS 20 ANS."},"content":{"rendered":"\n<p>Le cabinet A.G.C. Formation Conseil intervient depuis sa cr\u00e9ation en 2006 sur les questions de relation sociale, de vivre et fonctionner ensemble, dans leurs diff\u00e9rentes d\u00e9clinaisons, depuis le management, la conduite du changement r\u00e9ussi, la gestion de conflit, le management de projet &#8230;<\/p>\n\n\n\n<p>Il s&rsquo;appuye sur travail de recherche action sp\u00e9cifique, dans l&rsquo;action de travaux r\u00e9alis\u00e9s depuis 2001 dans les cadres associatifs et universitaires. De ce fait, il propose une d\u00e9marche nouvelle, avec une m\u00e9thodologie et des outils qui lui sont propres et lui permettent de faire face aux diff\u00e9rentes situations de tension relationnelle, interactionnelle aussi bien qu&rsquo;organisationnelle et\/ou institutionnelle.<br><br>Par la d\u00e9marche de recherche action, ces outils sont en permanence confront\u00e9s \u00e0 la r\u00e9alit\u00e9 op\u00e9rationnelle, dont l&rsquo;exp\u00e9rience est capitalis\u00e9e et r\u00e9int\u00e9gr\u00e9e par la recherche dans le corpus m\u00e9thodologique. La nouvelle g\u00e9n\u00e9ration d&rsquo;outils est alors test\u00e9e en formation et de nouveau valid\u00e9e sur le terrain. <br><br>Le travail r\u00e9alis\u00e9 permet de d\u00e9passer les tensions, pr\u00e9venir la crise si possible, de reconstruire apr\u00e8s la crise une dynamique collective autour d&rsquo;un projet commun. Il permet aussi plus simplement de d\u00e9velopper et\/ou renforcer les pratiques manag\u00e9riales, \u00e9ducatives et d&rsquo;accompagnement m\u00e9dical ou social.<br><br>Afin de renforcer sa capacit\u00e9 d&rsquo;action et de diffuser ces pratiques, A.G.C. d\u00e9veloppe un r\u00e9seau d&rsquo;intervenants : le <a href=\"http:\/\/www.agc-fc.com\/?page_id=45\">R\u00e9seau Valeur Relation Sociale<\/a>.<\/p>\n\n\n\n<p style=\"text-align:center\"><em>La tension en soi n&rsquo;est qu&rsquo;un potentiel d&rsquo;\u00e9nergie.<br>C&rsquo;est la fa\u00e7on dont elle sera g\u00e9r\u00e9e qui en fera une difficult\u00e9 ou une opportunit\u00e9.<\/em><\/p>\n\n\n\n<p><\/p>\n","protected":false},"excerpt":{"rendered":"<p>Le cabinet A.G.C. Formation Conseil intervient depuis sa cr\u00e9ation en 2006 sur les questions de relation sociale, de vivre et fonctionner ensemble, dans leurs diff\u00e9rentes d\u00e9clinaisons, depuis le management, la conduite du changement r\u00e9ussi, la gestion de conflit, le management de projet &#8230; Il s&rsquo;appuye sur travail de recherche action sp\u00e9cifique, dans l&rsquo;action de travaux &hellip; <\/p>\n<p class=\"link-more\"><a href=\"http:\/\/wordpress.agc-fc.com\/?page_id=37\" class=\"more-link\">Continuer la lecture<span class=\"screen-reader-text\"> de &laquo;&nbsp;A.G.C. Formation Conseil, UN SAVOIR FAIRE INNOVANT DEPUIS 20 ANS.&nbsp;&raquo;<\/span><\/a><\/p>\n","protected":false},"author":1,"featured_media":0,"parent":0,"menu_order":0,"comment_status":"closed","ping_status":"closed","template":"","meta":{"footnotes":""},"_links":{"self":[{"href":"http:\/\/wordpress.agc-fc.com\/index.php?rest_route=\/wp\/v2\/pages\/37"}],"collection":[{"href":"http:\/\/wordpress.agc-fc.com\/index.php?rest_route=\/wp\/v2\/pages"}],"about":[{"href":"http:\/\/wordpress.agc-fc.com\/index.php?rest_route=\/wp\/v2\/types\/page"}],"author":[{"embeddable":true,"href":"http:\/\/wordpress.agc-fc.com\/index.php?rest_route=\/wp\/v2\/users\/1"}],"replies":[{"embeddable":true,"href":"http:\/\/wordpress.agc-fc.com\/index.php?rest_route=%2Fwp%2Fv2%2Fcomments&post=37"}],"version-history":[{"count":8,"href":"http:\/\/wordpress.agc-fc.com\/index.php?rest_route=\/wp\/v2\/pages\/37\/revisions"}],"predecessor-version":[{"id":206,"href":"http:\/\/wordpress.agc-fc.com\/index.php?rest_route=\/wp\/v2\/pages\/37\/revisions\/206"}],"wp:attachment":[{"href":"http:\/\/wordpress.agc-fc.com\/index.php?rest_route=%2Fwp%2Fv2%2Fmedia&parent=37"}],"curies":[{"name":"wp","href":"https:\/\/api.w.org\/{rel}","templated":true}]}}