{"id":193,"date":"2019-04-18T09:15:32","date_gmt":"2019-04-18T09:15:32","guid":{"rendered":"http:\/\/wordpress.agc-fc.com\/?page_id=193"},"modified":"2022-09-16T14:37:01","modified_gmt":"2022-09-16T14:37:01","slug":"mentions-legales","status":"publish","type":"page","link":"http:\/\/wordpress.agc-fc.com\/?page_id=193","title":{"rendered":"Informations, Accessibilit\u00e9 et Mentions l\u00e9gales"},"content":{"rendered":"\n<p><strong>REFERENT HANDICAP : <br><\/strong>Vous pouvez contacter le r\u00e9f\u00e9rent handicap pour toute question li\u00e9e \u00e0 l&#8217;emploi ou \u00e0 l&rsquo;accessibilit\u00e9 des prestations en \u00e9crivant \u00e0 \u00ab\u00a0contact[at]agc-fc.com\u00a0\u00bb et en pr\u00e9cisant \u00ab\u00a0Accessibilit\u00e9\u00a0\u00bb dans le titre du message.<\/p>\n\n\n<p><strong>Identit\u00e9&nbsp; :&nbsp;<\/strong><br>Le Cabinet A.G.C. &#8211; Formation Conseil, <br>79 avenue de la Cour de France, 91260, Juvisy sur Orge, <br>immatricul\u00e9e sous le n\u00b049168544200023 au R.C.S. d&rsquo;Evry (91) et enregistr\u00e9 comme organisme de formation sous le n\u00b011910605091 aupr\u00e8s de la Pr\u00e9fecture R\u00e9gionale d&rsquo;\u00cele de France.<br>Contact : contact[at]agc-fc.com<\/p>\n<p><strong>Propri\u00e9t\u00e9 intellectuelles<\/strong><br>Le site agc-fc.com est la propri\u00e9t\u00e9 du cabinet AGC Formation Conseil, qui assure son d\u00e9veloppement et sa mise \u00e0 jour.<br>Le site est d\u00e9velopp\u00e9 avec l&rsquo;outil \u00ab\u00a0WordPress\u00a0\u00bb sur le mod\u00e8le \u00ab\u00a02017\u00a0\u00bb.<br>Les visuels, les documents joints et les texte sont la propri\u00e9t\u00e9 d&rsquo;A.G.C. &#8211; Formation Conseil et\/ou de leurs auteurs. Ils ne sont pas libres de droit.<\/p>\n<p><strong>RGPD &#8211; Utilisation et protection des donn\u00e9es :<\/strong><br>A notre connaissance, nous n&rsquo;utilisons pas de cookie ni ne faisons le moindre usage de vos donn\u00e9es, si ce n&rsquo;est pour r\u00e9pondre \u00e0 vos emails.<br>Les donn\u00e9es transitant par le site sont prot\u00e9g\u00e9es par le protocole HTTPS gr\u00e2ce \u00e0 l&rsquo;extension \u00ab\u00a0<a href=\"https:\/\/github.com\/phikai\/wordpress-force-https\">WordPress Force HTTPS<\/a>\u00a0\u00bb d\u00e9velopp\u00e9e par <a href=\"http:\/\/www.kaiarmstrong.com\/\" target=\"_blank\" rel=\"noopener noreferrer\">A. Kai Armstrong<\/a>.<br>Les politiques R.G.P.D. sont sous trait\u00e9es \u00e0 02switch.fr, l&rsquo;h\u00e9bergeur web, et \u00e0 WordPress.<\/p>\n\n\n<p><\/p>\n\n\n\n<p><em><a href=\"http:\/\/wordpress.agc-fc.com\/wp-login.php\">Se connecter<\/a><\/em><\/p>\n","protected":false},"excerpt":{"rendered":"<p>REFERENT HANDICAP : Vous pouvez contacter le r\u00e9f\u00e9rent handicap pour toute question li\u00e9e \u00e0 l&#8217;emploi ou \u00e0 l&rsquo;accessibilit\u00e9 des prestations en \u00e9crivant \u00e0 \u00ab\u00a0contact[at]agc-fc.com\u00a0\u00bb et en pr\u00e9cisant \u00ab\u00a0Accessibilit\u00e9\u00a0\u00bb dans le titre du message. Identit\u00e9&nbsp; :&nbsp;Le Cabinet A.G.C. &#8211; Formation Conseil, 79 avenue de la Cour de France, 91260, Juvisy sur Orge, immatricul\u00e9e sous le n\u00b049168544200023 &hellip; <\/p>\n<p class=\"link-more\"><a href=\"http:\/\/wordpress.agc-fc.com\/?page_id=193\" class=\"more-link\">Continuer la lecture<span class=\"screen-reader-text\"> de &laquo;&nbsp;Informations, Accessibilit\u00e9 et Mentions l\u00e9gales&nbsp;&raquo;<\/span><\/a><\/p>\n","protected":false},"author":1,"featured_media":0,"parent":0,"menu_order":0,"comment_status":"closed","ping_status":"closed","template":"","meta":{"footnotes":""},"_links":{"self":[{"href":"http:\/\/wordpress.agc-fc.com\/index.php?rest_route=\/wp\/v2\/pages\/193"}],"collection":[{"href":"http:\/\/wordpress.agc-fc.com\/index.php?rest_route=\/wp\/v2\/pages"}],"about":[{"href":"http:\/\/wordpress.agc-fc.com\/index.php?rest_route=\/wp\/v2\/types\/page"}],"author":[{"embeddable":true,"href":"http:\/\/wordpress.agc-fc.com\/index.php?rest_route=\/wp\/v2\/users\/1"}],"replies":[{"embeddable":true,"href":"http:\/\/wordpress.agc-fc.com\/index.php?rest_route=%2Fwp%2Fv2%2Fcomments&post=193"}],"version-history":[{"count":6,"href":"http:\/\/wordpress.agc-fc.com\/index.php?rest_route=\/wp\/v2\/pages\/193\/revisions"}],"predecessor-version":[{"id":438,"href":"http:\/\/wordpress.agc-fc.com\/index.php?rest_route=\/wp\/v2\/pages\/193\/revisions\/438"}],"wp:attachment":[{"href":"http:\/\/wordpress.agc-fc.com\/index.php?rest_route=%2Fwp%2Fv2%2Fmedia&parent=193"}],"curies":[{"name":"wp","href":"https:\/\/api.w.org\/{rel}","templated":true}]}}