{"id":176,"date":"2019-04-15T13:13:07","date_gmt":"2019-04-15T13:13:07","guid":{"rendered":"http:\/\/wordpress.agc-fc.com\/?page_id=176"},"modified":"2019-04-15T13:13:07","modified_gmt":"2019-04-15T13:13:07","slug":"base-de-ressources-pedagogiques","status":"publish","type":"page","link":"http:\/\/wordpress.agc-fc.com\/?page_id=176","title":{"rendered":"BASE DE RESSOURCES P\u00c9DAGOGIQUES"},"content":{"rendered":"\n<p>La\u00a0<strong>base de ressources p\u00e9dagogiques<\/strong> du r\u00e9seau Valeur Relation Sociale, est d\u00e9velopp\u00e9e et mise \u00e0 jour par A.G.C. Formation Conseil.<br>Elle met \u00e0 disposition des stagiaires, des b\u00e9n\u00e9ficiaires et des lecteurs les \u00e9l\u00e9ments de comp\u00e9tence de r\u00e9f\u00e9rence, valid\u00e9s et actualis\u00e9s, de maintenir \u00e0 jour le niveau de ma\u00eetrise en permettant aux acteurs form\u00e9s et\/ou accompagn\u00e9s de retrouver facilement les \u00e9l\u00e9ments vus en formation ou lors des interventions, et de mettre \u00e0 jour les pratiques, gr\u00e2ce \u00e0 l\u2019ajout de nouveaux \u00e9l\u00e9ments.<\/p>\n\n\n\n<p>Y sont disponibles les outils p\u00e9dagogiques n\u00e9cessaires pour acqu\u00e9rir et \u00e9valuer vos comp\u00e9tences, ainsi que des liens vers des ressources compl\u00e9mentaires.<br><\/p>\n\n\n\n<p>Pour pouvoir b\u00e9n\u00e9ficier des \u00e9l\u00e9ments en acc\u00e8s libre, il est n\u00e9cessaire de cr\u00e9er un compte utilisateur. <br>Pour pouvoir acc\u00e9der au dispositif p\u00e9dagogique complet, il convient d&rsquo;en faire la demande \u00e0 votre r\u00e9f\u00e9rent ou \u00e0 l&rsquo;administrateur du site.<\/p>\n\n\n\n<p><a rel=\"noreferrer noopener\" aria-label=\"Acc\u00e9der \u00e0 la base de ressources p\u00e9dagogiques (s\u2019ouvre dans un nouvel onglet)\" href=\"http:\/\/pedagogie.valeur-relation-sociale.com\" target=\"_blank\"><em>Acc\u00e9der \u00e0 la base de ressources p\u00e9dagogiques<\/em><\/a><\/p>\n","protected":false},"excerpt":{"rendered":"<p>La\u00a0base de ressources p\u00e9dagogiques du r\u00e9seau Valeur Relation Sociale, est d\u00e9velopp\u00e9e et mise \u00e0 jour par A.G.C. Formation Conseil.Elle met \u00e0 disposition des stagiaires, des b\u00e9n\u00e9ficiaires et des lecteurs les \u00e9l\u00e9ments de comp\u00e9tence de r\u00e9f\u00e9rence, valid\u00e9s et actualis\u00e9s, de maintenir \u00e0 jour le niveau de ma\u00eetrise en permettant aux acteurs form\u00e9s et\/ou accompagn\u00e9s de retrouver &hellip; <\/p>\n<p class=\"link-more\"><a href=\"http:\/\/wordpress.agc-fc.com\/?page_id=176\" class=\"more-link\">Continuer la lecture<span class=\"screen-reader-text\"> de &laquo;&nbsp;BASE DE RESSOURCES P\u00c9DAGOGIQUES&nbsp;&raquo;<\/span><\/a><\/p>\n","protected":false},"author":1,"featured_media":0,"parent":0,"menu_order":0,"comment_status":"closed","ping_status":"closed","template":"","meta":{"footnotes":""},"_links":{"self":[{"href":"http:\/\/wordpress.agc-fc.com\/index.php?rest_route=\/wp\/v2\/pages\/176"}],"collection":[{"href":"http:\/\/wordpress.agc-fc.com\/index.php?rest_route=\/wp\/v2\/pages"}],"about":[{"href":"http:\/\/wordpress.agc-fc.com\/index.php?rest_route=\/wp\/v2\/types\/page"}],"author":[{"embeddable":true,"href":"http:\/\/wordpress.agc-fc.com\/index.php?rest_route=\/wp\/v2\/users\/1"}],"replies":[{"embeddable":true,"href":"http:\/\/wordpress.agc-fc.com\/index.php?rest_route=%2Fwp%2Fv2%2Fcomments&post=176"}],"version-history":[{"count":1,"href":"http:\/\/wordpress.agc-fc.com\/index.php?rest_route=\/wp\/v2\/pages\/176\/revisions"}],"predecessor-version":[{"id":178,"href":"http:\/\/wordpress.agc-fc.com\/index.php?rest_route=\/wp\/v2\/pages\/176\/revisions\/178"}],"wp:attachment":[{"href":"http:\/\/wordpress.agc-fc.com\/index.php?rest_route=%2Fwp%2Fv2%2Fmedia&parent=176"}],"curies":[{"name":"wp","href":"https:\/\/api.w.org\/{rel}","templated":true}]}}