{"id":159,"date":"2019-04-15T10:42:32","date_gmt":"2019-04-15T10:42:32","guid":{"rendered":"http:\/\/wordpress.agc-fc.com\/?page_id=159"},"modified":"2019-04-15T10:50:28","modified_gmt":"2019-04-15T10:50:28","slug":"quelques-references","status":"publish","type":"page","link":"http:\/\/wordpress.agc-fc.com\/?page_id=159","title":{"rendered":"Quelques r\u00e9f\u00e9rences"},"content":{"rendered":"\n<ul><li>A.D.S.E.A. 77<\/li><li>Centre National de la Fonction Publique Territoriale<\/li><li>Dispositifs Locaux d&rsquo;Accompagnement &#8211; Avise<\/li><li>Fonction Publique Hospitali\u00e8re<\/li><li>Institut R\u00e9gional de l&rsquo;Administration de Lille<\/li><li>I.N.S.E.E.C.<\/li><li>Protection Judiciaire de la Jeunesse<\/li><li>R.A.T.P. &#8211; D\u00e9partement M.R.F.<\/li><li>S.N.C.F. &#8211; D\u00e9l\u00e9gation T.E.R. Nord &#8211; Pas de Calais<\/li><li>Ville de NYON<\/li><li>&#8230;<\/li><\/ul>\n","protected":false},"excerpt":{"rendered":"<p>A.D.S.E.A. 77 Centre National de la Fonction Publique Territoriale Dispositifs Locaux d&rsquo;Accompagnement &#8211; Avise Fonction Publique Hospitali\u00e8re Institut R\u00e9gional de l&rsquo;Administration de Lille I.N.S.E.E.C. Protection Judiciaire de la Jeunesse R.A.T.P. &#8211; D\u00e9partement M.R.F. S.N.C.F. &#8211; D\u00e9l\u00e9gation T.E.R. Nord &#8211; Pas de Calais Ville de NYON &#8230;<\/p>\n","protected":false},"author":1,"featured_media":0,"parent":0,"menu_order":0,"comment_status":"closed","ping_status":"closed","template":"","meta":{"footnotes":""},"_links":{"self":[{"href":"http:\/\/wordpress.agc-fc.com\/index.php?rest_route=\/wp\/v2\/pages\/159"}],"collection":[{"href":"http:\/\/wordpress.agc-fc.com\/index.php?rest_route=\/wp\/v2\/pages"}],"about":[{"href":"http:\/\/wordpress.agc-fc.com\/index.php?rest_route=\/wp\/v2\/types\/page"}],"author":[{"embeddable":true,"href":"http:\/\/wordpress.agc-fc.com\/index.php?rest_route=\/wp\/v2\/users\/1"}],"replies":[{"embeddable":true,"href":"http:\/\/wordpress.agc-fc.com\/index.php?rest_route=%2Fwp%2Fv2%2Fcomments&post=159"}],"version-history":[{"count":2,"href":"http:\/\/wordpress.agc-fc.com\/index.php?rest_route=\/wp\/v2\/pages\/159\/revisions"}],"predecessor-version":[{"id":166,"href":"http:\/\/wordpress.agc-fc.com\/index.php?rest_route=\/wp\/v2\/pages\/159\/revisions\/166"}],"wp:attachment":[{"href":"http:\/\/wordpress.agc-fc.com\/index.php?rest_route=%2Fwp%2Fv2%2Fmedia&parent=159"}],"curies":[{"name":"wp","href":"https:\/\/api.w.org\/{rel}","templated":true}]}}